{"id":31493,"date":"2024-06-20T14:08:35","date_gmt":"2024-06-20T14:08:35","guid":{"rendered":"https:\/\/divinacomedia.pt\/?page_id=31493"},"modified":"2025-11-17T09:35:33","modified_gmt":"2025-11-17T09:35:33","slug":"sobre-nos","status":"publish","type":"page","link":"https:\/\/divinacomedia.pt\/en\/sobre-nos\/","title":{"rendered":"About Us"},"content":{"rendered":"<p>[et_pb_section fb_built=&#8221;1&#8243; _builder_version=&#8221;4.24.3&#8243; _module_preset=&#8221;default&#8221; custom_margin=&#8221;0px||0px||false|false&#8221; custom_padding=&#8221;0px||0px||false|false&#8221; global_colors_info=&#8221;{}&#8221;][et_pb_row _builder_version=&#8221;4.24.3&#8243; _module_preset=&#8221;default&#8221; width=&#8221;100%&#8221; max_width=&#8221;100%&#8221; custom_margin=&#8221;0px||0px||false|false&#8221; custom_padding=&#8221;0px||0px||false|false&#8221; global_colors_info=&#8221;{}&#8221;][et_pb_column type=&#8221;4_4&#8243; _builder_version=&#8221;4.24.3&#8243; _module_preset=&#8221;default&#8221; global_colors_info=&#8221;{}&#8221;][et_pb_code _builder_version=&#8221;4.24.3&#8243; _module_preset=&#8221;default&#8221; custom_margin=&#8221;||0px||false|false&#8221; custom_padding=&#8221;||0px||false|false&#8221; global_colors_info=&#8221;{}&#8221;]<\/p>\n<div class=\"separador\"><!-- [et_pb_line_break_holder] -->  <!-- [et_pb_line_break_holder] --><\/div>\n<p><!-- [et_pb_line_break_holder] --><!-- [et_pb_line_break_holder] --><\/p>\n<style><!-- [et_pb_line_break_holder] -->  .separador{<!-- [et_pb_line_break_holder] -->    background-image:url(\"https:\/\/divinacomedia.pt\/wp-content\/uploads\/2024\/04\/Asset-3.jpg\");<!-- [et_pb_line_break_holder] -->    padding:5%;<!-- [et_pb_line_break_holder] -->  }<!-- [et_pb_line_break_holder] --><!-- [et_pb_line_break_holder] --><\/style>\n<p>[\/et_pb_code][et_pb_code raw_content_tablet=&#8221;<\/p>\n<div class=%22grid-container-t%22>\n<div class=%22grid-item1-t%22><\/div>\n<div class=%22grid-item2-t%22>\n<div class=%22titulo-sn-t%22>\n      <p1>Sobre N\u00f3s<\/p1>\n    <\/div>\n<div class=%22text-sn-t%22>\n      <p2>A Divina Com\u00e9dia \u00e9 uma produtora fundada em 2015 para a escrita e produ\u00e7\u00e3o de projectos cinematogr\u00e1ficos de longas e curtas metragens de fic\u00e7\u00e3o e document\u00e1rio assim como series e document\u00e1rios para televis\u00e3o e plataformas de streaming. Com a particularidade de se centrar numa investiga\u00e7\u00e3o rigorosa e na excel\u00eancia est\u00e9tica, a Divina Com\u00e9dia compromete-se na concep\u00e7\u00e3o e concretiza\u00e7\u00e3o de projectos cinematogr\u00e1ficos de elevado sentido cultural, humano e patrimonial por iniciativa pr\u00f3pria bem como por desafio por parte de institui\u00e7\u00f5es, empresas ou particulares.<\/p2>\n    <\/div>\n<p>      <a class=%22btn-sn-t%22 href=%22https:\/\/divinacomedia.pt\/filmes-series\/%22>Veja aqui os nosso filmes<\/a>\n  <\/div>\n<\/div>\n<style>\n  .grid-container-t{\n    display:grid;\n    grid-template-columns:100%;<\/p>\n<p>  }\n  .grid-item1-t{\n    padding:50% 0;\n    background-image:url(%22https:\/\/divinacomedia.pt\/wp-content\/uploads\/2020\/09\/mi_1790426582860391-copy.jpg%22);\n    background-size:cover;\n    position:relative;\n  }\n    .grid-item2-t{\n    padding:5% 0% 10% 0;\n      background-color:#07525e;\n  }\n  .titulo-sn-t{\n    font-family:Prata;\n    font-weight:Bold;\n    font-size:50px;\n    color:#edb059;\n    padding:5%;\n  }\n  .text-sn-t{\n    font-size:20px;\n    color:#fff;\n    line-height:1.5;\n    margin-bottom:5%;\n    padding:5% 5% 5% 5%;\n  }<\/p>\n<p>  .btn-sn-t{\n    font-family:Prata;\n    font-weight:Bold;\n    font-size:30px;\n    color:#edb059;\n    padding:2%;\n    margin:5%;\n    border:1px solid #edb059;\n    transition:all 0.5s ease-out 100ms;\n  }\n  .btn-sn-t:hover{\n    background-image:url(%22https:\/\/divinacomedia.pt\/wp-content\/uploads\/2024\/04\/Asset-3.jpg%22);\n    border:none;\n    color:#fff;\n    padding:2% 20%;\n  }\n<\/style>\n<p>&#8221; raw_content_phone=&#8221;<\/p>\n<div class=%22grid-container-t%22>\n<div class=%22grid-item1-t%22><\/div>\n<div class=%22grid-item2-t%22>\n<div class=%22titulo-sn-t%22>\n      <p1>Sobre N\u00f3s<\/p1>\n    <\/div>\n<div class=%22text-sn-t%22>\n      <p2>A Divina Com\u00e9dia \u00e9 uma produtora fundada em 2015 para a escrita e produ\u00e7\u00e3o de projectos cinematogr\u00e1ficos de longas e curtas metragens de fic\u00e7\u00e3o e document\u00e1rio assim como series e document\u00e1rios para televis\u00e3o e plataformas de streaming. Com a particularidade de se centrar numa investiga\u00e7\u00e3o rigorosa e na excel\u00eancia est\u00e9tica, a Divina Com\u00e9dia compromete-se na concep\u00e7\u00e3o e concretiza\u00e7\u00e3o de projectos cinematogr\u00e1ficos de elevado sentido cultural, humano e patrimonial por iniciativa pr\u00f3pria bem como por desafio por parte de institui\u00e7\u00f5es, empresas ou particulares.<\/p2>\n    <\/div>\n<p>      <center><a class=%22btn-sn-t%22 href=%22https:\/\/divinacomedia.pt\/filmes-series\/%22>Veja aqui os nosso filmes<\/a><\/center>\n  <\/div>\n<\/div>\n<style>\n  .grid-container-t{\n    display:grid;\n    grid-template-columns:100%;<\/p>\n<p>  }\n  .grid-item1-t{\n    padding:50% 0;\n    background-image:url(%22https:\/\/divinacomedia.pt\/wp-content\/uploads\/2020\/09\/mi_1790426582860391-copy.jpg%22);\n    background-size:cover;\n    position:relative;\n  }\n    .grid-item2-t{\n    padding:5% 0% 10% 0;\n      background-color:#07525e;\n  }\n  .titulo-sn-t{\n    font-family:Prata;\n    font-weight:Bold;\n    font-size:35px;\n    color:#edb059;\n    padding:5%;\n    text-align:center;\n  }\n  .text-sn-t{\n    font-size:15px;\n    color:#fff;\n    line-height:1.5;\n    margin-bottom:5%;\n    padding:5% 5% 5% 5%;\n    text-align:center;\n  }<\/p>\n<p>  .btn-sn-t{\n    font-family:Prata;\n    font-weight:Bold;\n    font-size:20px;\n    color:#edb059;\n    padding:2%;\n    margin:5%;\n    border:1px solid #edb059;\n    transition:all 0.5s ease-out 100ms;\n  }\n  .btn-sn-t:hover{\n    background-image:url(%22https:\/\/divinacomedia.pt\/wp-content\/uploads\/2024\/04\/Asset-3.jpg%22);\n    border:none;\n    color:#fff;\n    padding:2% 10%;\n  }\n<\/style>\n<p>&#8221; raw_content_last_edited=&#8221;on|phone&#8221; _builder_version=&#8221;4.27.4&#8243; _module_preset=&#8221;default&#8221; custom_margin=&#8221;||0px||false|false&#8221; custom_padding=&#8221;||0px||false|false&#8221; hover_enabled=&#8221;0&#8243; global_colors_info=&#8221;{}&#8221; sticky_enabled=&#8221;0&#8243;]<\/p>\n<div class=\"grid-container\"><!-- [et_pb_line_break_holder] -->  <\/p>\n<div class=\"grid-item1\"><!-- [et_pb_line_break_holder] -->    <!-- [et_pb_line_break_holder] -->  <\/div>\n<p><!-- [et_pb_line_break_holder] -->  <\/p>\n<div class=\"grid-item2\"><!-- [et_pb_line_break_holder] -->    <\/p>\n<div class=\"titulo-sn\"><!-- [et_pb_line_break_holder] -->      <p1>Sobre N\u00f3s<\/p1><!-- [et_pb_line_break_holder] -->    <\/div>\n<p><!-- [et_pb_line_break_holder] -->    <\/p>\n<div class=\"text-sn\"><!-- [et_pb_line_break_holder] -->      <p2>A Divina Com\u00e9dia \u00e9 uma produtora fundada em 2015 para a escrita e produ\u00e7\u00e3o de projectos cinematogr\u00e1ficos de longas e curtas metragens de fic\u00e7\u00e3o e document\u00e1rio assim como series e document\u00e1rios para televis\u00e3o e plataformas de streaming. Com a particularidade de se centrar numa investiga\u00e7\u00e3o rigorosa e na excel\u00eancia est\u00e9tica, a Divina Com\u00e9dia compromete-se na concep\u00e7\u00e3o e concretiza\u00e7\u00e3o de projectos cinematogr\u00e1ficos de elevado sentido cultural, humano e patrimonial por iniciativa pr\u00f3pria bem como por desafio por parte de institui\u00e7\u00f5es, empresas ou particulares.<\/p2><!-- [et_pb_line_break_holder] -->    <\/div>\n<p><!-- [et_pb_line_break_holder] -->      <a class=\"btn-sn\" href=\"https:\/\/divinacomedia.pt\/filmes-series\/\">Veja aqui os nosso filmes<\/a><!-- [et_pb_line_break_holder] -->  <\/div>\n<p><!-- [et_pb_line_break_holder] --><\/div>\n<p><!-- [et_pb_line_break_holder] --><!-- [et_pb_line_break_holder] --><\/p>\n<style><!-- [et_pb_line_break_holder] -->  .grid-container{<!-- [et_pb_line_break_holder] -->    display:grid;<!-- [et_pb_line_break_holder] -->    grid-template-columns: 50% 50%;<!-- [et_pb_line_break_holder] -->    background-image:url(\"https:\/\/divinacomedia.pt\/wp-content\/uploads\/2020\/09\/mi_1790426582860391-copy.jpg\");<!-- [et_pb_line_break_holder] -->    background-size:cover;<!-- [et_pb_line_break_holder] -->    position:relative;<!-- [et_pb_line_break_holder] -->    <!-- [et_pb_line_break_holder] -->  }<!-- [et_pb_line_break_holder] -->  .grid-item1{<!-- [et_pb_line_break_holder] -->    padding:50% 0;<!-- [et_pb_line_break_holder] -->    <!-- [et_pb_line_break_holder] -->  }<!-- [et_pb_line_break_holder] -->    .grid-item2{<!-- [et_pb_line_break_holder] -->    padding:10% 10% 10% 0;<!-- [et_pb_line_break_holder] -->  }<!-- [et_pb_line_break_holder] -->  .titulo-sn{<!-- [et_pb_line_break_holder] -->    font-family:Prata;<!-- [et_pb_line_break_holder] -->    font-weight:Bold;<!-- [et_pb_line_break_holder] -->    font-size:50px;<!-- [et_pb_line_break_holder] -->    color:#edb059;<!-- [et_pb_line_break_holder] -->    padding:5%;<!-- [et_pb_line_break_holder] -->  }<!-- [et_pb_line_break_holder] -->  .text-sn{<!-- [et_pb_line_break_holder] -->    font-size:20px;<!-- [et_pb_line_break_holder] -->    color:#fff;<!-- [et_pb_line_break_holder] -->    line-height:1.5;<!-- [et_pb_line_break_holder] -->    margin-bottom:5%;<!-- [et_pb_line_break_holder] -->    padding:5% 5% 5% 5%;<!-- [et_pb_line_break_holder] -->  }<!-- [et_pb_line_break_holder] -->  <!-- [et_pb_line_break_holder] -->  .btn-sn{<!-- [et_pb_line_break_holder] -->    font-family:Prata;<!-- [et_pb_line_break_holder] -->    font-weight:Bold;<!-- [et_pb_line_break_holder] -->    font-size:30px;<!-- [et_pb_line_break_holder] -->    color:#edb059;<!-- [et_pb_line_break_holder] -->    padding:2%;<!-- [et_pb_line_break_holder] -->    margin:5%;<!-- [et_pb_line_break_holder] -->    border:1px solid #edb059;<!-- [et_pb_line_break_holder] -->    transition:all 0.5s ease-out 100ms;<!-- [et_pb_line_break_holder] -->  }<!-- [et_pb_line_break_holder] -->  .btn-sn:hover{<!-- [et_pb_line_break_holder] -->    background-image:url(\"https:\/\/divinacomedia.pt\/wp-content\/uploads\/2024\/04\/Asset-3.jpg\");<!-- [et_pb_line_break_holder] -->    border:none;<!-- [et_pb_line_break_holder] -->    color:#fff;<!-- [et_pb_line_break_holder] -->    padding:2% 20%;<!-- [et_pb_line_break_holder] -->  }<!-- [et_pb_line_break_holder] --><\/style>\n<p>[\/et_pb_code][et_pb_code _builder_version=&#8221;4.24.3&#8243; _module_preset=&#8221;default&#8221; global_colors_info=&#8221;{}&#8221;]<\/p>\n<div class=\"separador\"><!-- [et_pb_line_break_holder] -->  <!-- [et_pb_line_break_holder] --><\/div>\n<p><!-- [et_pb_line_break_holder] --><!-- [et_pb_line_break_holder] --><\/p>\n<style><!-- [et_pb_line_break_holder] -->  .separador{<!-- [et_pb_line_break_holder] -->    background-image:url(\"https:\/\/divinacomedia.pt\/wp-content\/uploads\/2024\/04\/Asset-3.jpg\");<!-- [et_pb_line_break_holder] -->    padding:5%;<!-- [et_pb_line_break_holder] -->  }<!-- [et_pb_line_break_holder] --><!-- [et_pb_line_break_holder] --><\/style>\n<p>[\/et_pb_code][\/et_pb_column][\/et_pb_row][\/et_pb_section]<\/p>\n","protected":false},"excerpt":{"rendered":"","protected":false},"author":1,"featured_media":0,"parent":0,"menu_order":0,"comment_status":"closed","ping_status":"closed","template":"","meta":{"_et_pb_use_builder":"on","_et_pb_old_content":"","_et_gb_content_width":"","inline_featured_image":false,"footnotes":""},"class_list":["post-31493","page","type-page","status-publish","hentry"],"_links":{"self":[{"href":"https:\/\/divinacomedia.pt\/en\/wp-json\/wp\/v2\/pages\/31493","targetHints":{"allow":["GET"]}}],"collection":[{"href":"https:\/\/divinacomedia.pt\/en\/wp-json\/wp\/v2\/pages"}],"about":[{"href":"https:\/\/divinacomedia.pt\/en\/wp-json\/wp\/v2\/types\/page"}],"author":[{"embeddable":true,"href":"https:\/\/divinacomedia.pt\/en\/wp-json\/wp\/v2\/users\/1"}],"replies":[{"embeddable":true,"href":"https:\/\/divinacomedia.pt\/en\/wp-json\/wp\/v2\/comments?post=31493"}],"version-history":[{"count":13,"href":"https:\/\/divinacomedia.pt\/en\/wp-json\/wp\/v2\/pages\/31493\/revisions"}],"predecessor-version":[{"id":32499,"href":"https:\/\/divinacomedia.pt\/en\/wp-json\/wp\/v2\/pages\/31493\/revisions\/32499"}],"wp:attachment":[{"href":"https:\/\/divinacomedia.pt\/en\/wp-json\/wp\/v2\/media?parent=31493"}],"curies":[{"name":"wp","href":"https:\/\/api.w.org\/{rel}","templated":true}]}}