{"id":55,"date":"2020-06-19T16:23:06","date_gmt":"2020-06-19T16:23:06","guid":{"rendered":"http:\/\/divinacomedia.pt?page_id=55"},"modified":"2025-11-17T09:35:15","modified_gmt":"2025-11-17T09:35:15","slug":"sobre-nos-antigo","status":"publish","type":"page","link":"https:\/\/divinacomedia.pt\/en\/sobre-nos-antigo\/","title":{"rendered":"About us (old)"},"content":{"rendered":"<p>[et_pb_section fb_built=&#8221;1&#8243; _builder_version=&#8221;4.24.0&#8243; _module_preset=&#8221;default&#8221; background_image=&#8221;https:\/\/divinacomedia.pt\/wp-content\/uploads\/2020\/09\/mi_1790426582860391-copy.jpg&#8221; custom_padding=&#8221;10%||10%||false|false&#8221; hover_enabled=&#8221;0&#8243; global_colors_info=&#8221;{}&#8221; background_last_edited=&#8221;on|phone&#8221; parallax_phone=&#8221;off&#8221; background_color_phone=&#8221;#565656&#8243; background_enable_color_phone=&#8221;on&#8221; background_color_gradient_stops_phone=&#8221;rgba(0,0,0,0.39) 0%|rgba(0,0,0,0.52) 100%&#8221; use_background_color_gradient_phone=&#8221;on&#8221; background_color_gradient_overlays_image_phone=&#8221;on&#8221; background_color_gradient_direction_phone=&#8221;286deg&#8221; background_size_phone=&#8221;cover&#8221; background_image_width_phone=&#8221;100%&#8221; background_image_height_phone=&#8221;100%&#8221; background_position_phone=&#8221;top_right&#8221; sticky_enabled=&#8221;0&#8243; background_position_tablet=&#8221;top_right&#8221; background_horizontal_offset_tablet=&#8221;0%&#8221; parallax_tablet=&#8221;off&#8221; background_color_gradient_stops_tablet=&#8221;rgba(0,0,0,0.66) 0%|#000000 100%&#8221; use_background_color_gradient_tablet=&#8221;on&#8221; background_color_gradient_overlays_image_tablet=&#8221;on&#8221; background_color_gradient_direction_tablet=&#8221;298deg&#8221;][et_pb_row column_structure=&#8221;1_2,1_2&#8243; _builder_version=&#8221;4.24.0&#8243; _module_preset=&#8221;default&#8221; global_colors_info=&#8221;{}&#8221;][et_pb_column type=&#8221;1_2&#8243; _builder_version=&#8221;4.24.0&#8243; _module_preset=&#8221;default&#8221; global_colors_info=&#8221;{}&#8221;][\/et_pb_column][et_pb_column type=&#8221;1_2&#8243; _builder_version=&#8221;4.24.0&#8243; _module_preset=&#8221;default&#8221; global_colors_info=&#8221;{}&#8221;][et_pb_code _builder_version=&#8221;4.24.0&#8243; _module_preset=&#8221;default&#8221; global_colors_info=&#8221;{}&#8221;]<\/p>\n<h1 style=\"font-family:prata; font-size:30px; line-height: 1.5; color:#e2b639\">Divina Com\u00e9dia<\/h1>\n<p><!-- [et_pb_line_break_holder] --><!-- [et_pb_line_break_holder] --><span style=\"font-family:prata; font-size:15px; line-height: 1.5; color:#ffffff\">A Divina Com\u00e9dia \u00e9 uma produtora cinematogr\u00e1fica fundada em 2015 para a escrita e produ\u00e7\u00e3o de projectos cinematogr\u00e1ficos de fic\u00e7\u00e3o e document\u00e1rios de investiga\u00e7\u00e3o.<!-- [et_pb_line_break_holder] --><!-- [et_pb_line_break_holder] -->Com a particularidade de se centrar numa investiga\u00e7\u00e3o rigorosa e na excel\u00eancia est\u00e9tica, a Divina Com\u00e9dia compromete-se na concep\u00e7\u00e3o e concretiza\u00e7\u00e3o de projectos cinematogr\u00e1ficos de elevado sentido cultural, humano e patrimonial por iniciativa pr\u00f3pria bem como por desafio por parte de institui\u00e7\u00f5es, empresas ou particulares.<!-- [et_pb_line_break_holder] -->  <!\u2013- [et_pb_br_holder] -\u2013><!-- [et_pb_line_break_holder] -->  <!\u2013- [et_pb_br_holder] -\u2013><!-- [et_pb_line_break_holder] -->   <html><!-- [et_pb_line_break_holder] --><head><!-- [et_pb_line_break_holder] --><\/p>\n<style><!-- [et_pb_line_break_holder] -->  <!-- [et_pb_line_break_holder] -->.button-3 {<!-- [et_pb_line_break_holder] -->  background-color: #176888;<!-- [et_pb_line_break_holder] -->  border: none;<!-- [et_pb_line_break_holder] -->  color: #ffffff;<!-- [et_pb_line_break_holder] -->  padding: 15px 32px;<!-- [et_pb_line_break_holder] -->  text-align: center;<!-- [et_pb_line_break_holder] -->  text-decoration: none;<!-- [et_pb_line_break_holder] -->  display: inline-block;<!-- [et_pb_line_break_holder] -->  font-size: 20px;<!-- [et_pb_line_break_holder] -->  margin: 4px 2px;<!-- [et_pb_line_break_holder] -->  cursor: pointer;<!-- [et_pb_line_break_holder] -->  font-family:prata<!-- [et_pb_line_break_holder] -->}<!-- [et_pb_line_break_holder] -->  <!-- [et_pb_line_break_holder] -->  .button-3 {<!-- [et_pb_line_break_holder] -->  transition-duration: 0.4s;<!-- [et_pb_line_break_holder] -->}<!-- [et_pb_line_break_holder] --><!-- [et_pb_line_break_holder] -->.button-3:hover {<!-- [et_pb_line_break_holder] -->  background-color: #ffffff00; \/* Green *\/<!-- [et_pb_line_break_holder] -->  color: #e2b639;<!-- [et_pb_line_break_holder] -->  border: 2px solid #e2b639;<!-- [et_pb_line_break_holder] -->}<!-- [et_pb_line_break_holder] --><\/style>\n<p><!-- [et_pb_line_break_holder] --><\/head><!-- [et_pb_line_break_holder] --><body><!-- [et_pb_line_break_holder] --><!-- [et_pb_line_break_holder] --><a href=\"https:\/\/divinacomedia.pt\/filmes\/\" class=\"button-3\">Veja aqui os nosso filmes<\/a><!-- [et_pb_line_break_holder] --><!-- [et_pb_line_break_holder] --><\/body><!-- [et_pb_line_break_holder] --><\/html><!-- [et_pb_line_break_holder] -->  [\/et_pb_code][\/et_pb_column][\/et_pb_row][\/et_pb_section]<\/p>\n","protected":false},"excerpt":{"rendered":"","protected":false},"author":1,"featured_media":0,"parent":0,"menu_order":0,"comment_status":"closed","ping_status":"closed","template":"","meta":{"_et_pb_use_builder":"on","_et_pb_old_content":"<!-- wp:divi\/placeholder \/-->","_et_gb_content_width":"","inline_featured_image":false,"footnotes":""},"class_list":["post-55","page","type-page","status-publish","hentry"],"_links":{"self":[{"href":"https:\/\/divinacomedia.pt\/en\/wp-json\/wp\/v2\/pages\/55","targetHints":{"allow":["GET"]}}],"collection":[{"href":"https:\/\/divinacomedia.pt\/en\/wp-json\/wp\/v2\/pages"}],"about":[{"href":"https:\/\/divinacomedia.pt\/en\/wp-json\/wp\/v2\/types\/page"}],"author":[{"embeddable":true,"href":"https:\/\/divinacomedia.pt\/en\/wp-json\/wp\/v2\/users\/1"}],"replies":[{"embeddable":true,"href":"https:\/\/divinacomedia.pt\/en\/wp-json\/wp\/v2\/comments?post=55"}],"version-history":[{"count":19,"href":"https:\/\/divinacomedia.pt\/en\/wp-json\/wp\/v2\/pages\/55\/revisions"}],"predecessor-version":[{"id":32498,"href":"https:\/\/divinacomedia.pt\/en\/wp-json\/wp\/v2\/pages\/55\/revisions\/32498"}],"wp:attachment":[{"href":"https:\/\/divinacomedia.pt\/en\/wp-json\/wp\/v2\/media?parent=55"}],"curies":[{"name":"wp","href":"https:\/\/api.w.org\/{rel}","templated":true}]}}