{"id":71,"date":"2020-07-10T12:51:35","date_gmt":"2020-07-10T12:51:35","guid":{"rendered":"http:\/\/divinacomedia.pt?page_id=71"},"modified":"2025-11-17T09:29:41","modified_gmt":"2025-11-17T09:29:41","slug":"home-antigo","status":"publish","type":"page","link":"https:\/\/divinacomedia.pt\/en\/home-antigo\/","title":{"rendered":"Home (old)"},"content":{"rendered":"<p>[et_pb_section fb_built=&#8221;1&#8243; fullwidth=&#8221;on&#8221; _builder_version=&#8221;4.16&#8243; _module_preset=&#8221;default&#8221; custom_margin=&#8221;||0px||false|false&#8221; custom_padding=&#8221;||0px||false|false&#8221; global_colors_info=&#8221;{}&#8221;][et_pb_fullwidth_slider _builder_version=&#8221;4.16&#8243; _module_preset=&#8221;default&#8221; header_level=&#8221;h1&#8243; header_font=&#8221;PRATA|300|||||||&#8221; header_font_size=&#8221;40px&#8221; global_colors_info=&#8221;{}&#8221;][et_pb_slide heading=&#8221;Cria\u00e7\u00e3o Cinematogr\u00e1fica Original&#8221; _builder_version=&#8221;4.16&#8243; _module_preset=&#8221;default&#8221; background_enable_color=&#8221;off&#8221; background_image=&#8221;https:\/\/divinacomedia.pt\/wp-content\/uploads\/2020\/09\/15-1.jpg&#8221; background_enable_image=&#8221;on&#8221; global_colors_info=&#8221;{}&#8221; sticky_transition=&#8221;on&#8221;][\/et_pb_slide][et_pb_slide heading=&#8221;Produ\u00e7\u00e3o Cinematogr\u00e1fica de Excel\u00eancia&#8221; _builder_version=&#8221;4.16&#8243; _module_preset=&#8221;default&#8221; background_enable_color=&#8221;off&#8221; background_image=&#8221;https:\/\/divinacomedia.pt\/wp-content\/uploads\/2020\/09\/07-scaled.jpg&#8221; background_enable_image=&#8221;on&#8221; global_colors_info=&#8221;{}&#8221; sticky_transition=&#8221;on&#8221;][\/et_pb_slide][\/et_pb_fullwidth_slider][\/et_pb_section][et_pb_section fb_built=&#8221;1&#8243; _builder_version=&#8221;4.24.0&#8243; _module_preset=&#8221;default&#8221; custom_margin=&#8221;0px||0px||false|false&#8221; custom_padding=&#8221;0px||0px||false|false&#8221; global_colors_info=&#8221;{}&#8221;][et_pb_row column_structure=&#8221;1_3,1_3,1_3&#8243; make_equal=&#8221;on&#8221; disabled_on=&#8221;on|on|off&#8221; _builder_version=&#8221;4.24.0&#8243; _module_preset=&#8221;default&#8221; width=&#8221;100%&#8221; max_width=&#8221;100%&#8221; custom_margin=&#8221;0px||0px||false|false&#8221; custom_padding=&#8221;0px||0px||false|false&#8221; global_colors_info=&#8221;{}&#8221;][et_pb_column type=&#8221;1_3&#8243; _builder_version=&#8221;4.24.0&#8243; _module_preset=&#8221;default&#8221; global_colors_info=&#8221;{}&#8221;][et_pb_code _builder_version=&#8221;4.24.0&#8243; _module_preset=&#8221;default&#8221; background_color=&#8221;#176888&#8243; custom_padding=&#8221;10%|10%|10%|20%|false|false&#8221; link_option_url=&#8221;https:\/\/divinacomedia.pt\/production-services\/&#8221; global_colors_info=&#8221;{}&#8221; background__hover_enabled=&#8221;on|desktop&#8221; background_color__hover=&#8221;#e2b639&#8243; background_enable_color__hover=&#8221;on&#8221; raw_content__hover_enabled=&#8221;on|hover&#8221; raw_content__hover=&#8221;<\/p>\n<h1 style=%22font-family:prata; font-size:50px; line-height: 1.5; color:#176888%22>Production <br \/>Services<\/h1>\n<p>&#8220;]<\/p>\n<h1 style=\"font-family:prata; font-size:50px; line-height: 1.5; color:#e2b639\">Production <!\u2013- [et_pb_br_holder] -\u2013>Services<\/h1>\n<p><!-- [et_pb_line_break_holder] -->  [\/et_pb_code][\/et_pb_column][et_pb_column type=&#8221;1_3&#8243; _builder_version=&#8221;4.24.0&#8243; _module_preset=&#8221;default&#8221; global_colors_info=&#8221;{}&#8221;][et_pb_code _builder_version=&#8221;4.24.0&#8243; _module_preset=&#8221;default&#8221; custom_margin_tablet=&#8221;&#8221; custom_margin_phone=&#8221;&#8221; custom_margin_last_edited=&#8221;on|phone&#8221; custom_padding=&#8221;25px||25px||false|false&#8221; global_colors_info=&#8221;{}&#8221;]<\/p>\n<h1 style=\"font-family:prata; font-size:30px; line-height: 1.5; color:#000000\">Full Production Services<!\u2013- [et_pb_br_holder] -\u2013><!-- [et_pb_line_break_holder] -->  Team and Location Management<!\u2013- [et_pb_br_holder] -\u2013><!-- [et_pb_line_break_holder] -->  Legal and Financial Planing<\/h1>\n<p><!-- [et_pb_line_break_holder] -->  [\/et_pb_code][\/et_pb_column][et_pb_column type=&#8221;1_3&#8243; _builder_version=&#8221;4.24.0&#8243; _module_preset=&#8221;default&#8221; global_colors_info=&#8221;{}&#8221;][et_pb_image src=&#8221;https:\/\/divinacomedia.pt\/wp-content\/uploads\/2020\/08\/ENCONTREI-LISBOA-\ufffd-EQUIPA-201A4788-scaled.jpg&#8221; title_text=&#8221;ENCONTREI LISBOA \ufffd EQUIPA-201A4788&#8243; _builder_version=&#8221;4.24.0&#8243; _module_preset=&#8221;default&#8221; global_colors_info=&#8221;{}&#8221;][\/et_pb_image][\/et_pb_column][\/et_pb_row][et_pb_row column_structure=&#8221;1_3,1_3,1_3&#8243; make_equal=&#8221;on&#8221; disabled_on=&#8221;off|off|on&#8221; _builder_version=&#8221;4.24.0&#8243; _module_preset=&#8221;default&#8221; width=&#8221;100%&#8221; max_width=&#8221;100%&#8221; custom_margin=&#8221;0px||0px||false|false&#8221; custom_padding=&#8221;0px||0px||false|false&#8221; global_colors_info=&#8221;{}&#8221;][et_pb_column type=&#8221;1_3&#8243; _builder_version=&#8221;4.24.0&#8243; _module_preset=&#8221;default&#8221; global_colors_info=&#8221;{}&#8221;][et_pb_code _builder_version=&#8221;4.24.0&#8243; _module_preset=&#8221;default&#8221; background_color=&#8221;#176888&#8243; custom_padding=&#8221;10%|10%|10%|10%|false|false&#8221; global_colors_info=&#8221;{}&#8221; background__hover_enabled=&#8221;on|desktop&#8221; background_color__hover=&#8221;#e2b639&#8243; background_enable_color__hover=&#8221;on&#8221; raw_content__hover_enabled=&#8221;on|desktop&#8221; raw_content__hover=&#8221;<\/p>\n<h1 style=%22font-family:prata; font-size:50px; line-height: 1.5; color:#176888%22>Production <br \/>Services<\/h1>\n<p>&#8220;]<center><!-- [et_pb_line_break_holder] --><\/p>\n<h1 style=\"font-family:prata; font-size:50px; line-height: 1.5; color:#e2b639\">Production <!\u2013- [et_pb_br_holder] -\u2013>Services<\/h1>\n<p><!-- [et_pb_line_break_holder] -->  <\/center><!-- [et_pb_line_break_holder] --><!-- [et_pb_line_break_holder] -->  <html><!-- [et_pb_line_break_holder] --><head><!-- [et_pb_line_break_holder] --><\/p>\n<style><!-- [et_pb_line_break_holder] --><!-- [et_pb_line_break_holder] -->.button-4 {<!-- [et_pb_line_break_holder] -->  background-color: #ffffff;<!-- [et_pb_line_break_holder] -->  border: none;<!-- [et_pb_line_break_holder] -->  color: #ffffff;<!-- [et_pb_line_break_holder] -->  padding: 15px 32px;<!-- [et_pb_line_break_holder] -->  text-align: center;<!-- [et_pb_line_break_holder] -->  text-decoration: none;<!-- [et_pb_line_break_holder] -->  display: inline-block;<!-- [et_pb_line_break_holder] -->  font-size: 20px;<!-- [et_pb_line_break_holder] -->  margin: 4px 2px;<!-- [et_pb_line_break_holder] -->  cursor: pointer;<!-- [et_pb_line_break_holder] -->  font-family:prata<!-- [et_pb_line_break_holder] -->}<!-- [et_pb_line_break_holder] -->  <!-- [et_pb_line_break_holder] -->  .button-4 {<!-- [et_pb_line_break_holder] -->  transition-duration: 0.4s;<!-- [et_pb_line_break_holder] -->}<!-- [et_pb_line_break_holder] --><!-- [et_pb_line_break_holder] -->.button-4:hover {<!-- [et_pb_line_break_holder] -->  background-color: #ffffff00; \/* Green *\/<!-- [et_pb_line_break_holder] -->  color: #e2b639;<!-- [et_pb_line_break_holder] -->  border: 2px solid #e2b639;<!-- [et_pb_line_break_holder] -->}<!-- [et_pb_line_break_holder] --><\/style>\n<p><!-- [et_pb_line_break_holder] --><\/head><!-- [et_pb_line_break_holder] --><body><!-- [et_pb_line_break_holder] -->  <center><!-- [et_pb_line_break_holder] --><a href=\"https:\/\/divinacomedia.pt\/mario-by-billy-woodberry\/\" class=\"button-4\">Details<\/a><!-- [et_pb_line_break_holder] --><!-- [et_pb_line_break_holder] --><\/body><!-- [et_pb_line_break_holder] --><\/html><!-- [et_pb_line_break_holder] -->  <!-- [et_pb_line_break_holder] -->[\/et_pb_code][\/et_pb_column][et_pb_column type=&#8221;1_3&#8243; _builder_version=&#8221;4.24.0&#8243; _module_preset=&#8221;default&#8221; global_colors_info=&#8221;{}&#8221;][et_pb_code raw_content_tablet=&#8221;&#8221; raw_content_phone=&#8221;<\/p>\n<h1 style=%22font-family:prata; font-size:20px; line-height: 1.5; color:#000000%22>Full Production Services<br \/>\n  Team and Location Management<br \/>\n  Legal and Financial Planing<\/h1>\n<p>  &#8221; raw_content_last_edited=&#8221;on|phone&#8221; _builder_version=&#8221;4.24.0&#8243; _module_preset=&#8221;default&#8221; custom_margin_tablet=&#8221;&#8221; custom_margin_phone=&#8221;&#8221; custom_margin_last_edited=&#8221;on|tablet&#8221; custom_padding=&#8221;25px|10%|25px|10%|false|false&#8221; global_colors_info=&#8221;{}&#8221;]<\/p>\n<h1 style=\"font-family:prata; font-size:30px; line-height: 1.5; color:#000000\">Full Production Services<!\u2013- [et_pb_br_holder] -\u2013><!-- [et_pb_line_break_holder] -->  Team and Location Management<!\u2013- [et_pb_br_holder] -\u2013><!-- [et_pb_line_break_holder] -->  Legal and Financial Planing<\/h1>\n<p><!-- [et_pb_line_break_holder] -->  [\/et_pb_code][\/et_pb_column][et_pb_column type=&#8221;1_3&#8243; _builder_version=&#8221;4.24.0&#8243; _module_preset=&#8221;default&#8221; global_colors_info=&#8221;{}&#8221;][et_pb_image src=&#8221;https:\/\/divinacomedia.pt\/wp-content\/uploads\/2020\/08\/ENCONTREI-LISBOA-\ufffd-EQUIPA-201A4788-scaled.jpg&#8221; title_text=&#8221;ENCONTREI LISBOA \ufffd EQUIPA-201A4788&#8243; _builder_version=&#8221;4.24.0&#8243; _module_preset=&#8221;default&#8221; global_colors_info=&#8221;{}&#8221;][\/et_pb_image][\/et_pb_column][\/et_pb_row][\/et_pb_section][et_pb_section fb_built=&#8221;1&#8243; _builder_version=&#8221;4.16&#8243; background_color=&#8221;rgba(0,0,0,0)&#8221; background_enable_image=&#8221;off&#8221; background_position=&#8221;bottom_center&#8221; custom_margin=&#8221;||64px|||&#8221; custom_padding=&#8221;60px|0px|0px|0px&#8221; global_colors_info=&#8221;{}&#8221;][\/et_pb_section]<\/p>\n","protected":false},"excerpt":{"rendered":"","protected":false},"author":1,"featured_media":0,"parent":0,"menu_order":0,"comment_status":"closed","ping_status":"closed","template":"","meta":{"_et_pb_use_builder":"on","_et_pb_old_content":"","_et_gb_content_width":"","inline_featured_image":false,"footnotes":""},"class_list":["post-71","page","type-page","status-publish","hentry"],"_links":{"self":[{"href":"https:\/\/divinacomedia.pt\/en\/wp-json\/wp\/v2\/pages\/71","targetHints":{"allow":["GET"]}}],"collection":[{"href":"https:\/\/divinacomedia.pt\/en\/wp-json\/wp\/v2\/pages"}],"about":[{"href":"https:\/\/divinacomedia.pt\/en\/wp-json\/wp\/v2\/types\/page"}],"author":[{"embeddable":true,"href":"https:\/\/divinacomedia.pt\/en\/wp-json\/wp\/v2\/users\/1"}],"replies":[{"embeddable":true,"href":"https:\/\/divinacomedia.pt\/en\/wp-json\/wp\/v2\/comments?post=71"}],"version-history":[{"count":74,"href":"https:\/\/divinacomedia.pt\/en\/wp-json\/wp\/v2\/pages\/71\/revisions"}],"predecessor-version":[{"id":32495,"href":"https:\/\/divinacomedia.pt\/en\/wp-json\/wp\/v2\/pages\/71\/revisions\/32495"}],"wp:attachment":[{"href":"https:\/\/divinacomedia.pt\/en\/wp-json\/wp\/v2\/media?parent=71"}],"curies":[{"name":"wp","href":"https:\/\/api.w.org\/{rel}","templated":true}]}}